{"id":22,"date":"2025-01-31T20:56:24","date_gmt":"2025-01-31T20:56:24","guid":{"rendered":"https:\/\/mercavet.com.co\/?page_id=22"},"modified":"2025-04-22T20:13:35","modified_gmt":"2025-04-22T20:13:35","slug":"home","status":"publish","type":"page","link":"https:\/\/mercavet.com.co\/","title":{"rendered":"Inicio"},"content":{"rendered":"\n<figure class=\"wp-block-image size-full\"><img loading=\"lazy\" decoding=\"async\" width=\"612\" height=\"147\" src=\"https:\/\/mercavet.com.co\/wp-content\/uploads\/2025\/01\/Sin-titulo-1_Mesa-de-trabajo-1.png\" alt=\"\" class=\"wp-image-19\" srcset=\"https:\/\/mercavet.com.co\/wp-content\/uploads\/2025\/01\/Sin-titulo-1_Mesa-de-trabajo-1.png 612w, https:\/\/mercavet.com.co\/wp-content\/uploads\/2025\/01\/Sin-titulo-1_Mesa-de-trabajo-1-300x72.png 300w\" sizes=\"auto, (max-width: 612px) 100vw, 612px\" \/><\/figure>\n\n\n\n<div class=\"wp-block-cover alignfull is-light hero-pattern\" style=\"min-height:34rem;aspect-ratio:unset;\"><span aria-hidden=\"true\" class=\"wp-block-cover__background has-background-dim-100 has-background-dim\" style=\"background-color:#f5f7fa\"><\/span><div class=\"wp-block-cover__inner-container is-layout-flow wp-block-cover-is-layout-flow\">\n<div class=\"wp-block-group is-layout-constrained wp-block-group-is-layout-constrained\">\n<div class=\"wp-block-columns alignwide p-animation-text-moveUp is-layout-flex wp-container-core-columns-is-layout-1b715042 wp-block-columns-is-layout-flex\">\n<div class=\"wp-block-column is-vertically-aligned-center is-layout-flow wp-block-column-is-layout-flow\">\n<div style=\"height:8px\" aria-hidden=\"true\" class=\"wp-block-spacer\"><\/div>\n\n\n\n<p class=\"has-text-primary-color has-text-color\"><strong>Bienvenidos a Laboratorios Mercavet Ltda.<\/strong><br><strong>Desde 1992, al cuidado de la salud animal<\/strong><\/p>\n\n\n\n<p class=\"has-text-primary-color has-text-color\">En <em>Laboratorios Mercavet Ltda.<\/em>, Llevamos m\u00e1s de 30 a\u00f1os produciendo y distribuyendo productos veterinarios y agropecuarios de alta calidad. Desde 1992, somos un referente en el sector, comprometidos con la innovaci\u00f3n y la satisfacci\u00f3n de nuestros clientes.<\/p>\n\n\n\n<div style=\"height:16px\" aria-hidden=\"true\" class=\"wp-block-spacer\"><\/div>\n\n\n\n<div class=\"wp-block-buttons is-layout-flex wp-block-buttons-is-layout-flex\">\n<div class=\"wp-block-button\"><a class=\"wp-block-button__link wp-element-button\" href=\"https:\/\/mercavet.com.co\/index.php\/services\/\" target=\"_blank\" rel=\"noreferrer noopener\"><span>V<\/span>er cat\u00e1logo<\/a><\/div>\n\n\n\n<div class=\"wp-block-button is-style-fill\"><a class=\"wp-block-button__link has-black-color has-text-color has-background wp-element-button\" href=\"https:\/\/wa.me\/573147791594\" style=\"border-radius:3px;background-color:#ebeefc\" target=\"_blank\" rel=\"noreferrer noopener\"><span>C<\/span>ont\u00e1ctanos<\/a><\/div>\n<\/div>\n<\/div>\n\n\n\n<div class=\"wp-block-column is-vertically-aligned-center is-layout-flow wp-block-column-is-layout-flow\">\n<figure class=\"wp-block-image size-full\"><img loading=\"lazy\" decoding=\"async\" width=\"1600\" height=\"1067\" src=\"https:\/\/mercavet.com.co\/wp-content\/uploads\/2025\/01\/dairy-cows.jpg\" alt=\"\" class=\"wp-image-37\" srcset=\"https:\/\/mercavet.com.co\/wp-content\/uploads\/2025\/01\/dairy-cows.jpg 1600w, https:\/\/mercavet.com.co\/wp-content\/uploads\/2025\/01\/dairy-cows-300x200.jpg 300w, https:\/\/mercavet.com.co\/wp-content\/uploads\/2025\/01\/dairy-cows-1024x683.jpg 1024w, https:\/\/mercavet.com.co\/wp-content\/uploads\/2025\/01\/dairy-cows-768x512.jpg 768w, https:\/\/mercavet.com.co\/wp-content\/uploads\/2025\/01\/dairy-cows-1536x1024.jpg 1536w\" sizes=\"auto, (max-width: 1600px) 100vw, 1600px\" \/><\/figure>\n<\/div>\n<\/div>\n<\/div>\n<\/div><\/div>\n\n\n\n<div class=\"wp-block-group pattern-features p-animation-move-sideways is-layout-constrained wp-container-core-group-is-layout-5986cb94 wp-block-group-is-layout-constrained\" style=\"margin-top:0;margin-bottom:var(--wp--preset--spacing--xx-large);padding-top:0;padding-right:0;padding-bottom:0;padding-left:0\">\n<div class=\"wp-block-columns is-layout-flex wp-container-core-columns-is-layout-5ba13084 wp-block-columns-is-layout-flex\" style=\"padding-top:var(--wp--preset--spacing--large);padding-bottom:var(--wp--preset--spacing--large)\">\n<div class=\"wp-block-column is-vertically-aligned-center is-layout-flow wp-block-column-is-layout-flow\" style=\"padding-top:var(--wp--preset--spacing--large);padding-right:var(--wp--preset--spacing--small);padding-bottom:var(--wp--preset--spacing--large);padding-left:var(--wp--preset--spacing--small)\">\n<figure class=\"wp-block-image aligncenter size-full is-resized bk-duotone-primary\"><img decoding=\"async\" src=\"https:\/\/mercavet.com.co\/wp-content\/themes\/prespa\/assets\/img\/patterns\/icons\/user-friendly.svg\" alt=\"\" class=\"wp-image-253\" style=\"width:40px;height:40px\"\/><\/figure>\n\n\n\n<h5 class=\"wp-block-heading has-text-align-center\" style=\"padding-top:var(--wp--preset--spacing--xx-small);letter-spacing:-0.04em;line-height:1.1\">Calidad<\/h5>\n\n\n\n<p class=\"has-text-align-center\">Cumplimos con las Buenas Pr\u00e1cticas de Manufactura para garantizar productos confiables y efectivos.<\/p>\n<\/div>\n\n\n\n<div class=\"wp-block-column is-vertically-aligned-center has-grey-background-color has-gray-background-color has-background is-layout-flow wp-block-column-is-layout-flow\" style=\"padding-top:var(--wp--preset--spacing--large);padding-right:var(--wp--preset--spacing--small);padding-bottom:var(--wp--preset--spacing--large);padding-left:var(--wp--preset--spacing--small)\">\n<figure class=\"wp-block-image aligncenter size-full is-resized bk-duotone-primary\"><img decoding=\"async\" src=\"https:\/\/mercavet.com.co\/wp-content\/themes\/prespa\/assets\/img\/patterns\/icons\/collaboration-support.svg\" alt=\"\" class=\"wp-image-254\" style=\"width:40px;height:40px\"\/><\/figure>\n\n\n\n<h5 class=\"wp-block-heading has-text-align-center\" style=\"padding-top:var(--wp--preset--spacing--xx-small);letter-spacing:-0.03em;line-height:1.1\">Servicio al cliente<\/h5>\n\n\n\n<p class=\"has-text-align-center\">Ofrecemos un servicio personalizado, asegurando que nuestros productos cumplan con tus expectativas y necesidades.<\/p>\n<\/div>\n\n\n\n<div class=\"wp-block-column is-vertically-aligned-center is-layout-flow wp-block-column-is-layout-flow\" style=\"border-style:none;border-width:0px;padding-top:var(--wp--preset--spacing--large);padding-right:var(--wp--preset--spacing--small);padding-bottom:var(--wp--preset--spacing--large);padding-left:var(--wp--preset--spacing--small)\">\n<figure class=\"wp-block-image aligncenter size-full is-resized bk-duotone-primary wp-duotone-2253cb-2253cb-1\"><img decoding=\"async\" src=\"https:\/\/mercavet.com.co\/wp-content\/themes\/prespa\/assets\/img\/patterns\/icons\/advanced-analytics.svg\" alt=\"\" class=\"wp-image-256\" style=\"width:40px;height:40px\"\/><\/figure>\n\n\n\n<h5 class=\"wp-block-heading has-text-align-center\" style=\"padding-top:var(--wp--preset--spacing--xx-small);letter-spacing:-0.03em;line-height:1.1\">Innovaci\u00f3n<\/h5>\n\n\n\n<p class=\"has-text-align-center\">Desarrollamos productos innovadores que mejoran la salud animal y optimizan el rendimiento agropecuario.<\/p>\n<\/div>\n<\/div>\n<\/div>\n\n\n\n<div class=\"wp-block-group pattern-services is-layout-constrained wp-block-group-is-layout-constrained\" style=\"padding-top:var(--wp--preset--spacing--medium);padding-bottom:var(--wp--preset--spacing--medium)\">\n<h2 class=\"wp-block-heading has-text-align-center\">Nuestros productos<\/h2>\n\n\n\n<p class=\"has-text-align-center\"><strong>Soluciones que Cuidan de la Salud Animal<\/strong><\/p>\n\n\n\n<p class=\"has-text-align-center\">En <em>Laboratorios Mercavet Ltda.<\/em>, ofrecemos un amplio portafolio de productos veterinarios y agropecuarios dise\u00f1ados para satisfacer las necesidades de nuestros clientes. Desde medicamentos innovadores hasta suplementos nutricionales, cada producto es desarrollado con el m\u00e1s alto est\u00e1ndar de calidad.<\/p>\n<\/div>\n\n\n\n<div class=\"wp-block-group is-layout-constrained wp-block-group-is-layout-constrained\" style=\"padding-top:var(--wp--preset--spacing--large);padding-bottom:var(--wp--preset--spacing--large)\">\n<div class=\"wp-block-columns p-animation-text-moveUp is-layout-flex wp-container-core-columns-is-layout-d8a81c52 wp-block-columns-is-layout-flex\" style=\"margin-bottom:0;padding-top:var(--wp--preset--spacing--large);padding-right:0;padding-bottom:var(--wp--preset--spacing--large);padding-left:0\">\n<div class=\"wp-block-column is-layout-flow wp-block-column-is-layout-flow\">\n<div class=\"wp-block-columns is-layout-flex wp-container-core-columns-is-layout-28f84493 wp-block-columns-is-layout-flex\">\n<div class=\"wp-block-column is-layout-flow wp-block-column-is-layout-flow\">\n<figure class=\"wp-block-image size-full has-custom-border\"><img decoding=\"async\" src=\"https:\/\/mercavet.com.co\/wp-content\/themes\/prespa\/assets\/img\/patterns\/how-it-works-part-1.png\" alt=\"\" class=\"wp-image-288\" style=\"border-radius:6px\"\/><\/figure>\n<\/div>\n<\/div>\n<\/div>\n\n\n\n<div class=\"wp-block-column is-vertically-aligned-center is-layout-flow wp-block-column-is-layout-flow\">\n<h3 class=\"wp-block-heading\" style=\"padding-bottom:var(--wp--preset--spacing--xx-small);letter-spacing:-0.02em;line-height:1.2\">Misi\u00f3n<\/h3>\n\n\n\n<p style=\"margin-bottom:var(--wp--preset--spacing--large)\">En <em>Laboratorios Mercavet Ltda.<\/em>, nos dedicamos a la producci\u00f3n por contrato de productos veterinarios y a la distribuci\u00f3n de productos agropecuarios. Nuestro compromiso es ofrecer soluciones efectivas que contribuyan al bienestar animal y al desarrollo agropecuario, garantizando siempre la calidad y la seguridad en cada uno de nuestros productos<\/p>\n\n\n\n<div class=\"wp-block-buttons is-layout-flex wp-block-buttons-is-layout-flex\"><\/div>\n<\/div>\n<\/div>\n\n\n\n<div class=\"wp-block-columns is-swap-on-mobile p-animation-text-moveUp is-layout-flex wp-container-core-columns-is-layout-13455e4b wp-block-columns-is-layout-flex\" style=\"margin-bottom:var(--wp--preset--spacing--large)\">\n<div class=\"wp-block-column is-vertically-aligned-center is-layout-flow wp-block-column-is-layout-flow\">\n<h3 class=\"wp-block-heading\" style=\"padding-bottom:var(--wp--preset--spacing--xx-small);letter-spacing:-0.02em;line-height:1.2\">Visi\u00f3n<\/h3>\n\n\n\n<p style=\"margin-bottom:var(--wp--preset--spacing--large)\">Para finales de esta d\u00e9cada, aspiramos a ser reconocidos como un laboratorio l\u00edder en producci\u00f3n, innovaci\u00f3n y exportaci\u00f3n de productos veterinarios y agropecuarios, soportados en un sistema de gesti\u00f3n de calidad que garantice la satisfacci\u00f3n total de nuestros clientes\u200b<\/p>\n\n\n\n<div class=\"wp-block-buttons is-layout-flex wp-block-buttons-is-layout-flex\"><\/div>\n<\/div>\n\n\n\n<div class=\"wp-block-column is-layout-flow wp-block-column-is-layout-flow\">\n<div class=\"wp-block-columns is-layout-flex wp-container-core-columns-is-layout-28f84493 wp-block-columns-is-layout-flex\">\n<div class=\"wp-block-column is-layout-flow wp-block-column-is-layout-flow\">\n<figure class=\"wp-block-image size-full has-custom-border\"><img decoding=\"async\" src=\"https:\/\/mercavet.com.co\/wp-content\/themes\/prespa\/assets\/img\/patterns\/how-it-works-part-2.png\" alt=\"\" class=\"wp-image-288\" style=\"border-radius:6px\"\/><\/figure>\n<\/div>\n<\/div>\n<\/div>\n<\/div>\n\n\n\n<div class=\"wp-block-columns p-animation-text-moveUp is-layout-flex wp-container-core-columns-is-layout-318252f0 wp-block-columns-is-layout-flex\">\n<div class=\"wp-block-column is-layout-flow wp-block-column-is-layout-flow\">\n<div class=\"wp-block-columns is-layout-flex wp-container-core-columns-is-layout-28f84493 wp-block-columns-is-layout-flex\">\n<div class=\"wp-block-column is-layout-flow wp-block-column-is-layout-flow\">\n<figure class=\"wp-block-image size-full has-custom-border\"><img decoding=\"async\" src=\"https:\/\/mercavet.com.co\/wp-content\/themes\/prespa\/assets\/img\/patterns\/how-it-works-part-3.png\" alt=\"\" class=\"wp-image-288\" style=\"border-radius:6px\"\/><\/figure>\n<\/div>\n<\/div>\n<\/div>\n\n\n\n<div class=\"wp-block-column is-vertically-aligned-center is-layout-flow wp-block-column-is-layout-flow\">\n<h3 class=\"wp-block-heading\" style=\"padding-bottom:var(--wp--preset--spacing--xx-small);letter-spacing:-0.02em;line-height:1.2\">Pol\u00edtica de calidad<\/h3>\n\n\n\n<p style=\"margin-bottom:var(--wp--preset--spacing--large)\">En <em>Laboratorios Mercavet Ltda.<\/em>, todos nuestros empleados est\u00e1n comprometidos con la entrega oportuna de productos y servicios que cumplen con las Buenas Pr\u00e1cticas de Manufactura (BPM). Nos esforzamos continuamente en mejorar la eficacia de nuestro sistema de garant\u00eda de calidad, aumentando as\u00ed la satisfacci\u00f3n de nuestros clientes, personal colaborador y proveedores\u200b<\/p>\n\n\n\n<div class=\"wp-block-buttons is-layout-flex wp-block-buttons-is-layout-flex\"><\/div>\n<\/div>\n<\/div>\n<\/div>\n\n\n\n<p><\/p>\n","protected":false},"excerpt":{"rendered":"<p>Calidad Cumplimos con las Buenas Pr\u00e1cticas de Manufactura para garantizar productos confiables y efectivos. Servicio&hellip;<\/p>\n","protected":false},"author":1,"featured_media":0,"parent":0,"menu_order":0,"comment_status":"closed","ping_status":"closed","template":"","meta":{"footnotes":""},"class_list":["post-22","page","type-page","status-publish","hentry"],"_links":{"self":[{"href":"https:\/\/mercavet.com.co\/index.php\/wp-json\/wp\/v2\/pages\/22","targetHints":{"allow":["GET"]}}],"collection":[{"href":"https:\/\/mercavet.com.co\/index.php\/wp-json\/wp\/v2\/pages"}],"about":[{"href":"https:\/\/mercavet.com.co\/index.php\/wp-json\/wp\/v2\/types\/page"}],"author":[{"embeddable":true,"href":"https:\/\/mercavet.com.co\/index.php\/wp-json\/wp\/v2\/users\/1"}],"replies":[{"embeddable":true,"href":"https:\/\/mercavet.com.co\/index.php\/wp-json\/wp\/v2\/comments?post=22"}],"version-history":[{"count":10,"href":"https:\/\/mercavet.com.co\/index.php\/wp-json\/wp\/v2\/pages\/22\/revisions"}],"predecessor-version":[{"id":65,"href":"https:\/\/mercavet.com.co\/index.php\/wp-json\/wp\/v2\/pages\/22\/revisions\/65"}],"wp:attachment":[{"href":"https:\/\/mercavet.com.co\/index.php\/wp-json\/wp\/v2\/media?parent=22"}],"curies":[{"name":"wp","href":"https:\/\/api.w.org\/{rel}","templated":true}]}}